{"id":763,"date":"2020-01-09T17:46:25","date_gmt":"2020-01-09T17:46:25","guid":{"rendered":"http:\/\/lesravalieres.com\/?page_id=763"},"modified":"2020-01-09T17:46:26","modified_gmt":"2020-01-09T17:46:26","slug":"privacy-policy-2","status":"publish","type":"page","link":"https:\/\/lesravalieres.com\/fr\/privacy-policy-2\/","title":{"rendered":"Donn\u00e9es personnelles"},"content":{"rendered":"<h2 class=\"wp-block-heading\"> Les Ravali\u00e8res avis de confidentialit\u00e9\u00a0<\/h2>\n\n\n\n<p><strong>Vue d'ensemble<\/strong><\/p>\n\n\n\n<p>Le maintien de la s\u00e9curit\u00e9 de vos donn\u00e9es est une priorit\u00e9 aux Ravali\u00e8res et nous nous engageons \u00e0 respecter votre droit \u00e0 la vie priv\u00e9e. Nous nous engageons \u00e0 traiter vos donn\u00e9es de mani\u00e8re \u00e9quitable et l\u00e9gale \u00e0 tout moment.  Les Ravali\u00e8res s'engage \u00e9galement \u00e0 faire preuve de transparence quant aux donn\u00e9es que nous recueillons \u00e0 votre sujet et \u00e0 la mani\u00e8re dont nous les utilisons.<\/p>\n\n\n\n<p>Cette politique, qui s'applique que vous nous rendiez visite ou que vous utilisiez notre site web, vous fournit des informations sur<\/p>\n\n\n\n<ul class=\"wp-block-list\"><li>Comment nous utilisons vos donn\u00e9es<\/li><li>Quelles sont les donn\u00e9es personnelles que nous recueillons<\/li><li>Comment nous prot\u00e9geons vos donn\u00e9es<\/li><li>Vos droits l\u00e9gaux relatifs \u00e0 vos donn\u00e9es personnelles<\/li><li>Nos int\u00e9r\u00eats l\u00e9gitimes<\/li><\/ul>\n\n\n\n<p><strong>Comment nous utilisons vos donn\u00e9es<\/strong><\/p>\n\n\n\n<p><strong>G\u00e9n\u00e9ral :<\/strong><\/p>\n\n\n\n<p> Les Ravali\u00e8res utilise vos donn\u00e9es :<\/p>\n\n\n\n<ul class=\"wp-block-list\"><li>Pour vous fournir des biens et des services<\/li><li>Pour g\u00e9rer les comptes enregistr\u00e9s que vous d\u00e9tenez chez nous<\/li><li>Pour v\u00e9rifier votre identit\u00e9<\/li><li>Pour vous contacter au sujet d'offres promotionnelles et de produits et services qui, selon nous, pourraient vous int\u00e9resser<\/li><li>Pour les \u00e9tudes de march\u00e9 - pour mieux comprendre vos besoins<\/li><li>Pour la pr\u00e9vention et la d\u00e9tection de la criminalit\u00e9 et de la fraude et \u00e0 des fins connexes<\/li><li>Lorsque nous avons un droit ou un devoir l\u00e9gal d'utiliser ou de divulguer vos informations (par exemple dans le cadre d'une enqu\u00eate men\u00e9e par une autorit\u00e9 publique ou d'un litige).<\/li><\/ul>\n\n\n\n<p><strong>Le marketing :<\/strong><\/p>\n\n\n\n<p> Les Ravali\u00e8res utilise vos donn\u00e9es personnelles \u00e0 des fins de marketing pour vous tenir au courant de nos derni\u00e8res offres.<\/p>\n\n\n\n<p> Les Ravali\u00e8res  vise \u00e0 vous informer sur les produits et services qui vous int\u00e9ressent et vous concernent.\u00a0 Vous avez le droit de refuser de recevoir des communications promotionnelles \u00e0 tout moment en:<\/p>\n\n\n\n<ul class=\"wp-block-list\"><li>Utiliser le lien \"se d\u00e9sabonner\" dans les courriels<\/li><li>Nous contacter par les canaux d\u00e9finis dans cette politique.<\/li><\/ul>\n\n\n\n<p>Nous pouvons analyser votre activit\u00e9 d'achat et vos r\u00e9ponses aux communications marketing. Le r\u00e9sultat de cette analyse nous permet de nous assurer que nous vous contactons avec des informations sur les produits et les offres qui vous int\u00e9ressent. Pour ce faire, nous pouvons utiliser des logiciels et d'autres technologies (traitement automatis\u00e9).<\/p>\n\n\n\n<p><strong>Partage des donn\u00e9es avec des tiers :<\/strong><\/p>\n\n\n\n<p>Afin de mettre certains services \u00e0 votre disposition, il se peut que nous devions partager vos donn\u00e9es personnelles avec certains de nos fournisseurs de services de confiance. Il s'agit notamment de prestataires de services informatiques, de livraison et de marketing.<\/p>\n\n\n\n<p> Les Ravali\u00e8res n'autorise ses prestataires de services \u00e0 traiter vos donn\u00e9es personnelles que lorsque nous avons confirm\u00e9 qu'ils appliquent des contr\u00f4les appropri\u00e9s en mati\u00e8re de protection des donn\u00e9es et de s\u00e9curit\u00e9. Nous imposons \u00e9galement des obligations contractuelles aux prestataires de services en mati\u00e8re de protection et de s\u00e9curit\u00e9 des donn\u00e9es, ce qui signifie qu'ils ne peuvent utiliser vos donn\u00e9es que pour nous fournir des services \u00e0 nous et \u00e0 vous et \u00e0 aucune autre fin.<\/p>\n\n\n\n<p><strong>Autres tierces parties :<\/strong><\/p>\n\n\n\n<p>En dehors de nos prestataires de services, Les Ravali\u00e8res ne divulguera pas vos donn\u00e9es personnelles \u00e0 des tiers, sauf dans les cas indiqu\u00e9s ci-dessous. Nous ne vendrons ni ne louerons jamais les donn\u00e9es de nos clients \u00e0 d'autres organisations \u00e0 des fins de marketing.<\/p>\n\n\n\n<p>Nous pouvons partager vos donn\u00e9es avec :<\/p>\n\n\n\n<ul class=\"wp-block-list\"><li>Les agences de r\u00e9f\u00e9rence de cr\u00e9dit lorsque cela est n\u00e9cessaire pour les paiements par carte<\/li><li>les organes des \u00c9tats, les r\u00e9gulateurs, les services r\u00e9pressifs, les cours, les tribunaux et les assureurs lorsque nous sommes tenus de le faire pour respecter nos obligations l\u00e9gales<\/li><li>Pour exercer notre droit l\u00e9gal (par exemple dans les affaires judiciaires)<\/li><li>Pour la pr\u00e9vention, la d\u00e9tection et les enqu\u00eates en mati\u00e8re de criminalit\u00e9 ou la poursuite des d\u00e9linquants<\/li><li>Pour la protection de nos employ\u00e9s et de nos clients.<\/li><\/ul>\n\n\n\n<p><strong>La dur\u00e9e de conservation des donn\u00e9es :<\/strong><\/p>\n\n\n\n<p>Nous ne conserverons pas les donn\u00e9es plus longtemps que n\u00e9cessaire aux fins \u00e9nonc\u00e9es dans la pr\u00e9sente politique. Des p\u00e9riodes de conservation diff\u00e9rentes s'appliquent pour diff\u00e9rents types de donn\u00e9es, mais nous ne conserverons normalement pas les donn\u00e9es plus de 10 ans.<\/p>\n\n\n\n<p><strong>Quelles sont les donn\u00e9es personnelles que nous recueillons :<\/strong><\/p>\n\n\n\n<p> Les Ravali\u00e8res peut recueillir les informations suivantes \u00e0 votre sujet :<\/p>\n\n\n\n<ul class=\"wp-block-list\"><li>votre nom, votre \u00e2ge\/date de naissance et votre sexe<\/li><li>vos coordonn\u00e9es, y compris l'adresse postale, le t\u00e9l\u00e9phone et l'adresse \u00e9lectronique<\/li><li>lorsque vous effectuez un achat ou passez une commande chez nous, votre carte de paiement \/ vos coordonn\u00e9es bancaires<\/li><li>des copies de toute correspondance entre nous.<\/li><\/ul>\n\n\n\n<p><strong>Comment nous prot\u00e9geons vos donn\u00e9es :<\/strong><\/p>\n\n\n\n<p> Les Ravali\u00e8res s'engage \u00e0 assurer la s\u00e9curit\u00e9 de vos donn\u00e9es personnelles. Pour ce faire, nous avons recours \u00e0 :<\/p>\n\n\n\n<ul class=\"wp-block-list\"><li>le cryptage des donn\u00e9es, le cas \u00e9ch\u00e9ant<\/li><li>l'\u00e9tablissement de contrats de services avec des prestataires de services tiers<\/li><li>examiner r\u00e9guli\u00e8rement la s\u00e9curit\u00e9 de nos syst\u00e8mes informatiques<\/li><li>veiller \u00e0 ce que les donn\u00e9es soient stock\u00e9es en toute s\u00e9curit\u00e9 et ne soient accessibles qu'aux personnes dont le travail l'exige<\/li><\/ul>\n\n\n\n<p><strong>Vos droits l\u00e9gaux relatifs \u00e0 vos donn\u00e9es personnelles :<\/strong><\/p>\n\n\n\n<p>Vous disposez des droits l\u00e9gaux suivants :<\/p>\n\n\n\n<ul class=\"wp-block-list\"><li>le droit de demander quelles sont les donn\u00e9es personnelles que nous d\u00e9tenons sur vous<\/li><li>le droit de nous demander de mettre \u00e0 jour et de corriger toute donn\u00e9e p\u00e9rim\u00e9e ou incorrecte<\/li><li>le droit de refuser toute communication commerciale que nous pourrions vous envoyer<\/li><li>le droit de nous demander de supprimer vos donn\u00e9es personnelles.<\/li><\/ul>\n\n\n\n<p><strong>Nos int\u00e9r\u00eats l\u00e9gitimes<\/strong><\/p>\n\n\n\n<p>La base juridique normale pour le traitement des donn\u00e9es relatives aux clients est qu'il est n\u00e9cessaire pour les int\u00e9r\u00eats commerciaux l\u00e9gitimes de Les Ravali\u00e8res, notamment :<\/p>\n\n\n\n<ul class=\"wp-block-list\"><li>Vendre et fournir des biens et des services \u00e0 nos clients<\/li><li>La promotion, la commercialisation et la publicit\u00e9 de nos produits et services<\/li><li>Envoyer des communications promotionnelles qui sont pertinentes pour les clients individuels<\/li><li>Comprendre le comportement, les activit\u00e9s, les pr\u00e9f\u00e9rences et les besoins de nos clients<\/li><li>Am\u00e9liorer les produits et services existants et d\u00e9velopper de nouveaux produits et services<\/li><li>Respecter nos obligations l\u00e9gales et r\u00e9glementaires<\/li><li>Pr\u00e9venir, d\u00e9tecter et enqu\u00eater sur toutes les formes de criminalit\u00e9 et poursuivre les contrevenants<\/li><li>Prot\u00e9ger les clients, les employ\u00e9s et les autres personnes et pr\u00e9server leur s\u00e9curit\u00e9, leur sant\u00e9 et leur bien-\u00eatre<\/li><li>Traitement des contacts avec les clients, des questions, des plaintes ou des litiges<\/li><li>Gestion des sinistres d'assurance<\/li><li>Remplir nos devoirs envers nos clients<\/li><\/ul>\n\n\n\n<p><strong>Nous contacter<\/strong><\/p>\n\n\n\n<p>Si vous avez des doutes sur la mani\u00e8re dont Les Ravali\u00e8res utilisent vos donn\u00e9es personnelles, ou si vous souhaitez exercer l'un de vos droits, veuillez nous contacter \u00e0:<\/p>\n\n\n\n<p><a href=\"\/fr\/info@lesravalieres.com\/\" target=\"_blank\" rel=\"noreferrer noopener\" aria-label=\"info@lesravali\u00e8res.com (opens in a new tab)\">info@lesravali\u00e8res.com<\/a><\/p>\n\n\n\n<p>ou nous \u00e9crire \u00e0 l'adresse suivante:<\/p>\n\n\n\n<p>Les Ravali\u00e8res, 53400 Livr\u00e9-la-Touche, France<\/p>\n\n\n\n<p><strong>Mises \u00e0 jour<\/strong><\/p>\n\n\n\n<p>Cette politique a \u00e9t\u00e9 mise \u00e0 jour pour la derni\u00e8re fois en janvier 2020<\/p>","protected":false},"excerpt":{"rendered":"<p>Les Ravali\u00e8res privacy notice\u00a0 Overview Maintaining the security of your data is a priority at Les Ravali\u00e8res and we are committed to [&hellip;]<\/p>\n","protected":false},"author":3,"featured_media":0,"parent":0,"menu_order":0,"comment_status":"closed","ping_status":"closed","template":"page-templates\/page_fullwidth.php","meta":{"_monsterinsights_skip_tracking":false,"_monsterinsights_sitenote_active":false,"_monsterinsights_sitenote_note":"","_monsterinsights_sitenote_category":0,"footnotes":""},"class_list":["post-763","page","type-page","status-publish","hentry"],"yoast_head":"<!-- This site is optimized with the Yoast SEO Premium plugin v26.8 (Yoast SEO v27.5) - https:\/\/yoast.com\/product\/yoast-seo-premium-wordpress\/ -->\n<title>Privacy Policy - Les Ravalieres<\/title>\n<meta name=\"description\" content=\"Les Ravali\u00e8res Privacy Policy\" \/>\n<meta name=\"robots\" content=\"index, follow, max-snippet:-1, max-image-preview:large, max-video-preview:-1\" \/>\n<link rel=\"canonical\" href=\"https:\/\/lesravalieres.com\/fr\/privacy-policy-2\/\" \/>\n<meta property=\"og:locale\" content=\"fr_FR\" \/>\n<meta property=\"og:type\" content=\"article\" \/>\n<meta property=\"og:title\" content=\"Privacy Policy\" \/>\n<meta property=\"og:description\" content=\"Les Ravali\u00e8res Privacy Policy\" \/>\n<meta property=\"og:url\" content=\"https:\/\/lesravalieres.com\/fr\/privacy-policy-2\/\" \/>\n<meta property=\"og:site_name\" content=\"Les Ravalieres\" \/>\n<meta property=\"article:publisher\" content=\"http:\/\/www.facebook.com\/LesRavalieres\" \/>\n<meta property=\"article:modified_time\" content=\"2020-01-09T17:46:26+00:00\" \/>\n<meta name=\"twitter:label1\" content=\"Dur\u00e9e de lecture estim\u00e9e\" \/>\n\t<meta name=\"twitter:data1\" content=\"4 minutes\" \/>\n<script type=\"application\/ld+json\" class=\"yoast-schema-graph\">{\"@context\":\"https:\\\/\\\/schema.org\",\"@graph\":[{\"@type\":\"WebPage\",\"@id\":\"https:\\\/\\\/lesravalieres.com\\\/fr\\\/privacy-policy-2\\\/\",\"url\":\"https:\\\/\\\/lesravalieres.com\\\/fr\\\/privacy-policy-2\\\/\",\"name\":\"Privacy Policy - Les Ravalieres\",\"isPartOf\":{\"@id\":\"https:\\\/\\\/lesravalieres.com\\\/en_gb\\\/#website\"},\"datePublished\":\"2020-01-09T17:46:25+00:00\",\"dateModified\":\"2020-01-09T17:46:26+00:00\",\"description\":\"Les Ravali\u00e8res Privacy Policy\",\"breadcrumb\":{\"@id\":\"https:\\\/\\\/lesravalieres.com\\\/fr\\\/privacy-policy-2\\\/#breadcrumb\"},\"inLanguage\":\"fr-FR\",\"potentialAction\":[{\"@type\":\"ReadAction\",\"target\":[\"https:\\\/\\\/lesravalieres.com\\\/fr\\\/privacy-policy-2\\\/\"]}]},{\"@type\":\"BreadcrumbList\",\"@id\":\"https:\\\/\\\/lesravalieres.com\\\/fr\\\/privacy-policy-2\\\/#breadcrumb\",\"itemListElement\":[{\"@type\":\"ListItem\",\"position\":1,\"name\":\"Home\",\"item\":\"https:\\\/\\\/lesravalieres.com\\\/\"},{\"@type\":\"ListItem\",\"position\":2,\"name\":\"Privacy Policy\"}]},{\"@type\":\"WebSite\",\"@id\":\"https:\\\/\\\/lesravalieres.com\\\/en_gb\\\/#website\",\"url\":\"https:\\\/\\\/lesravalieres.com\\\/en_gb\\\/\",\"name\":\"Les Ravali\u00e8res\",\"description\":\"Carp Fishing Holidays in France with Accommodation\",\"publisher\":{\"@id\":\"https:\\\/\\\/lesravalieres.com\\\/en_gb\\\/#organization\"},\"potentialAction\":[{\"@type\":\"SearchAction\",\"target\":{\"@type\":\"EntryPoint\",\"urlTemplate\":\"https:\\\/\\\/lesravalieres.com\\\/en_gb\\\/?s={search_term_string}\"},\"query-input\":{\"@type\":\"PropertyValueSpecification\",\"valueRequired\":true,\"valueName\":\"search_term_string\"}}],\"inLanguage\":\"fr-FR\"},{\"@type\":\"Organization\",\"@id\":\"https:\\\/\\\/lesravalieres.com\\\/en_gb\\\/#organization\",\"name\":\"EIRL Jonathan Miller\",\"url\":\"https:\\\/\\\/lesravalieres.com\\\/en_gb\\\/\",\"logo\":{\"@type\":\"ImageObject\",\"inLanguage\":\"fr-FR\",\"@id\":\"https:\\\/\\\/lesravalieres.com\\\/en_gb\\\/#\\\/schema\\\/logo\\\/image\\\/\",\"url\":\"http:\\\/\\\/lesravalieres.com\\\/wp-content\\\/uploads\\\/2019\\\/12\\\/Les-Ravalieres-Logo3.jpg\",\"contentUrl\":\"http:\\\/\\\/lesravalieres.com\\\/wp-content\\\/uploads\\\/2019\\\/12\\\/Les-Ravalieres-Logo3.jpg\",\"width\":461,\"height\":461,\"caption\":\"EIRL Jonathan Miller\"},\"image\":{\"@id\":\"https:\\\/\\\/lesravalieres.com\\\/en_gb\\\/#\\\/schema\\\/logo\\\/image\\\/\"},\"sameAs\":[\"http:\\\/\\\/www.facebook.com\\\/LesRavalieres\",\"http:\\\/\\\/www.instagram.com\\\/lesravalieres53400\"]}]}<\/script>\n<!-- \/ Yoast SEO Premium plugin. -->","yoast_head_json":{"title":"Privacy Policy - Les Ravalieres","description":"Les Ravali\u00e8res Privacy Policy","robots":{"index":"index","follow":"follow","max-snippet":"max-snippet:-1","max-image-preview":"max-image-preview:large","max-video-preview":"max-video-preview:-1"},"canonical":"https:\/\/lesravalieres.com\/fr\/privacy-policy-2\/","og_locale":"fr_FR","og_type":"article","og_title":"Privacy Policy","og_description":"Les Ravali\u00e8res Privacy Policy","og_url":"https:\/\/lesravalieres.com\/fr\/privacy-policy-2\/","og_site_name":"Les Ravalieres","article_publisher":"http:\/\/www.facebook.com\/LesRavalieres","article_modified_time":"2020-01-09T17:46:26+00:00","twitter_misc":{"Dur\u00e9e de lecture estim\u00e9e":"4 minutes"},"schema":{"@context":"https:\/\/schema.org","@graph":[{"@type":"WebPage","@id":"https:\/\/lesravalieres.com\/fr\/privacy-policy-2\/","url":"https:\/\/lesravalieres.com\/fr\/privacy-policy-2\/","name":"Privacy Policy - Les Ravalieres","isPartOf":{"@id":"https:\/\/lesravalieres.com\/en_gb\/#website"},"datePublished":"2020-01-09T17:46:25+00:00","dateModified":"2020-01-09T17:46:26+00:00","description":"Les Ravali\u00e8res Privacy Policy","breadcrumb":{"@id":"https:\/\/lesravalieres.com\/fr\/privacy-policy-2\/#breadcrumb"},"inLanguage":"fr-FR","potentialAction":[{"@type":"ReadAction","target":["https:\/\/lesravalieres.com\/fr\/privacy-policy-2\/"]}]},{"@type":"BreadcrumbList","@id":"https:\/\/lesravalieres.com\/fr\/privacy-policy-2\/#breadcrumb","itemListElement":[{"@type":"ListItem","position":1,"name":"Home","item":"https:\/\/lesravalieres.com\/"},{"@type":"ListItem","position":2,"name":"Privacy Policy"}]},{"@type":"WebSite","@id":"https:\/\/lesravalieres.com\/en_gb\/#website","url":"https:\/\/lesravalieres.com\/en_gb\/","name":"Les Ravali\u00e8res","description":"Carp Fishing Holidays in France with Accommodation","publisher":{"@id":"https:\/\/lesravalieres.com\/en_gb\/#organization"},"potentialAction":[{"@type":"SearchAction","target":{"@type":"EntryPoint","urlTemplate":"https:\/\/lesravalieres.com\/en_gb\/?s={search_term_string}"},"query-input":{"@type":"PropertyValueSpecification","valueRequired":true,"valueName":"search_term_string"}}],"inLanguage":"fr-FR"},{"@type":"Organization","@id":"https:\/\/lesravalieres.com\/en_gb\/#organization","name":"EIRL Jonathan Miller","url":"https:\/\/lesravalieres.com\/en_gb\/","logo":{"@type":"ImageObject","inLanguage":"fr-FR","@id":"https:\/\/lesravalieres.com\/en_gb\/#\/schema\/logo\/image\/","url":"http:\/\/lesravalieres.com\/wp-content\/uploads\/2019\/12\/Les-Ravalieres-Logo3.jpg","contentUrl":"http:\/\/lesravalieres.com\/wp-content\/uploads\/2019\/12\/Les-Ravalieres-Logo3.jpg","width":461,"height":461,"caption":"EIRL Jonathan Miller"},"image":{"@id":"https:\/\/lesravalieres.com\/en_gb\/#\/schema\/logo\/image\/"},"sameAs":["http:\/\/www.facebook.com\/LesRavalieres","http:\/\/www.instagram.com\/lesravalieres53400"]}]}},"_links":{"self":[{"href":"https:\/\/lesravalieres.com\/fr\/wp-json\/wp\/v2\/pages\/763","targetHints":{"allow":["GET"]}}],"collection":[{"href":"https:\/\/lesravalieres.com\/fr\/wp-json\/wp\/v2\/pages"}],"about":[{"href":"https:\/\/lesravalieres.com\/fr\/wp-json\/wp\/v2\/types\/page"}],"author":[{"embeddable":true,"href":"https:\/\/lesravalieres.com\/fr\/wp-json\/wp\/v2\/users\/3"}],"replies":[{"embeddable":true,"href":"https:\/\/lesravalieres.com\/fr\/wp-json\/wp\/v2\/comments?post=763"}],"version-history":[{"count":1,"href":"https:\/\/lesravalieres.com\/fr\/wp-json\/wp\/v2\/pages\/763\/revisions"}],"predecessor-version":[{"id":764,"href":"https:\/\/lesravalieres.com\/fr\/wp-json\/wp\/v2\/pages\/763\/revisions\/764"}],"wp:attachment":[{"href":"https:\/\/lesravalieres.com\/fr\/wp-json\/wp\/v2\/media?parent=763"}],"curies":[{"name":"wp","href":"https:\/\/api.w.org\/{rel}","templated":true}]}}