{"id":732,"date":"2020-01-08T17:19:01","date_gmt":"2020-01-08T17:19:01","guid":{"rendered":"https:\/\/lesravalieres.com\/?page_id=732"},"modified":"2024-08-04T17:30:11","modified_gmt":"2024-08-04T15:30:11","slug":"fishery-rules","status":"publish","type":"page","link":"https:\/\/lesravalieres.com\/fr\/fishery-rules\/","title":{"rendered":"R\u00e8gles de p\u00eache"},"content":{"rendered":"<ol class=\"wp-block-list\">\n<li>Nombre de p\u00eacheurs sur le lac limit\u00e9 \u00e0 3 (<em>\u00e0 l'exclusion de l'enfant de moins de 12 ans avec un parent)<\/em>. Maximum de 3 cannes par p\u00eacheur, 1 ligne, 1 hame\u00e7on<\/li>\n\n\n\n<li>Les enfants ne doivent pas \u00eatre laiss\u00e9s sans surveillance autour du lac<\/li>\n\n\n\n<li><em><u>Aucune canne \u00e0 p\u00eache ne doit \u00eatre laiss\u00e9e sans surveillance. Si vous devez vous \u00e9loigner de plus de 30 m\u00e8tres pour une raison quelconque, retirez vos hame\u00e7ons et vos app\u00e2ts de l'eau. M\u00eame si vous utilisez des r\u00e9cepteurs<\/u><\/em><\/li>\n\n\n\n<li>Pas de mise en sac du poisson en aucune circonstance<\/li>\n\n\n\n<li>Pas de baignade, le pataugeage est uniquement encourag\u00e9 pour rel\u00e2cher le poisson<\/li>\n\n\n\n<li>Utilisation exclusive d'\u00e9puisettes, d'\u00e9lingues et de tapis\/berceaux sur place, tous fournis \u00e0 l'arriv\u00e9e. Veuillez faire <span style=\"text-decoration: underline;\">ne sont pas <\/span>apportez le v\u00f4tre. Nous disposons \u00e9galement de tr\u00e9pieds de pes\u00e9e et de balances.<\/li>\n\n\n\n<li>\u00c9lingue de pes\u00e9e \u00e0 placer sous le filet lors du retrait de la p\u00eache de l'eau, pour assurer la protection et le soutien du poisson<\/li>\n\n\n\n<li>Rupture minimale de la ligne de 15lb\/7kg<\/li>\n\n\n\n<li><span style=\"text-decoration: underline;\">Pas de tresse comme ligne principale<\/span><\/li>\n\n\n\n<li><span style=\"text-decoration: underline;\">Ne pas utiliser de meneurs avec ou sans plomb.<\/span><\/li>\n\n\n\n<li>Tube en tungst\u00e8ne \u00e0 utiliser - minimum 2 pieds. Ceci afin d'\u00e9viter d'endommager les \u00e9cailles du poisson. Si vous n'\u00eates pas s\u00fbr de savoir comment l'utiliser, nous vous montrerons comment faire et nous en aurons \u00e0 disposition sur place.<\/li>\n\n\n\n<li>Pas de tige longue, de cloueur, de crochets coud\u00e9s et circulaires.<\/li>\n\n\n\n<li>Micro-crochets \u00e0 ardillon uniquement<\/li>\n\n\n\n<li>Pas de m\u00e9tal ou de clips au-dessus du plomb.<\/li>\n\n\n\n<li>Aucun plomb fixe, tous les montages doivent \u00eatre des montages de s\u00e9curit\u00e9, c'est-\u00e0-dire \u00e9jecter le plomb. En cas de doute, veuillez demander.<\/li>\n\n\n\n<li>Tous les appareils de forage seront inspect\u00e9s<\/li>\n\n\n\n<li>Pas de bouillettes \u00e0 dur\u00e9e de vie limit\u00e9e. Pas d'app\u00e2ts en plastique. Pas de noix. Pas d'asticots. Les particules doivent \u00eatre achet\u00e9es sur place uniquement pour garantir une pr\u00e9paration correcte.<\/li>\n\n\n\n<li>Nous avons nos propres app\u00e2ts de qualit\u00e9 \u00e9prouv\u00e9e sur place \u00e0 des prix comp\u00e9titifs, ce qui te permet d'\u00e9conomiser de l'argent et du temps.  Tu es invit\u00e9 \u00e0 apporter tes propres <span style=\"text-decoration: underline;\">app\u00e2t frais ou frais congel\u00e9<\/span> - veuillez indiquer le nom de la marque. Pas de bouillettes de longue conservation ou de noix tigr\u00e9es s'il vous pla\u00eet.<\/li>\n\n\n\n<li>Gardez les berceaux et les tapis humides car ils peuvent devenir TR\u00c8S chauds au soleil.<\/li>\n\n\n\n<li>Le soin des carpes est primordial. Traitez tous les trous d'hame\u00e7ons ou les blessures avec un produit de soin pour carpes (Steri Seven ou similaire). Ce produit sera disponible sur place.<\/li>\n\n\n\n<li>Si la ligne s'accroche, <strong><u>ne le fais pas.<\/u><\/strong> tirez pour casser la ligne. Attachez-vous \u00e0 un arbre \u00e0 proximit\u00e9, coupez la ligne et pr\u00e9venez-nous pour que nous puissions retirer la ligne et le mat\u00e9riel de l'eau.<\/li>\n\n\n\n<li>Si une ligne est accroch\u00e9e avec un poisson, pr\u00e9venez-nous imm\u00e9diatement et nous viendrons vous aider avec le bateau.<\/li>\n\n\n\n<li>Notre bateau ne doit \u00eatre utilis\u00e9 que pour lib\u00e9rer les lignes et les poissons accroch\u00e9s.<\/li>\n\n\n\n<li>Veuillez photographier toutes les carpes des deux c\u00f4t\u00e9s et peser avant de retourner \u00e0 l'eau<\/li>\n\n\n\n<li>Ne vous tenez pas debout avec le poisson \u00e0 photographier, remettez le poisson dans l'eau d\u00e8s que possible.<\/li>\n\n\n\n<li>Tous les poissons de plus de 22kg - entrez dans l'eau pour prendre des photos, et remettez le poisson dans l'eau pour assurer sa s\u00e9curit\u00e9<\/li>\n\n\n\n<li>Veuillez nous envoyer toutes les photos et le poids des poissons captur\u00e9s, car cela nous permet de tenir un registre pr\u00e9cis de la sant\u00e9 et du poids des poissons. Nous cr\u00e9erons un groupe WhatsApp avec vous.<\/li>\n\n\n\n<li>Nous avons deux bateaux \u00e0 app\u00e2ts \u00e0 louer.\u00a0 Veuillez nous pr\u00e9venir \u00e0 l'avance si vous souhaitez apporter le v\u00f4tre. Il doit \u00eatre nettoy\u00e9 \u00e0 fond avant votre arriv\u00e9e.<\/li>\n\n\n\n<li>Ne pas marquer, d\u00e9figurer ou endommager le poisson de quelque mani\u00e8re que ce soit (il vous sera demand\u00e9 de quitter le site sans remboursement ni compensation)<\/li>\n\n\n\n<li>Pas de retrait ou d'introduction de poissons.<\/li>\n\n\n\n<li>Si vous utilisez les installations au bord du lac (cuisine, barbecue, aire de pique-nique, toilettes et douche), veuillez les garder propres et rang\u00e9es comme vous vous attendez \u00e0 les trouver \ud83d\ude0a.<\/li>\n<\/ol>\n\n\n\n<h3 class=\"wp-block-heading\" id=\"h-environment-and-safety\"><strong><em>Environnement et s\u00e9curit\u00e9<\/em><\/strong><\/h3>\n\n\n\n<ol class=\"wp-block-list\">\n<li>Les chiens sont <strong><u>seulement<\/u><\/strong> autoris\u00e9 sur accord pr\u00e9alable.  En cas d'accord, le chien <strong><u>doit<\/u><\/strong> \u00eatre amical avec les autres chiens (car nos chiens feront de l'exercice autour du lac), rester pr\u00e8s d'eux et sous contr\u00f4le en tout temps.  Les chiens <strong><u>ne sont pas<\/u><\/strong> ne doivent pas \u00eatre laiss\u00e9es sans surveillance \u00e0 tout moment dans les locaux.\u00a0 Tous les d\u00e9chets doivent \u00eatre ramass\u00e9s et mis en sac pour \u00eatre \u00e9limin\u00e9s.<\/li>\n\n\n\n<li>Pas de d\u00e9chets, y compris m\u00e9gots de cigarettes, allumettes, sachets de th\u00e9, fil de nylon, etc. Utilisez les sacs poubelles fournis et la poubelle pr\u00e8s des installations.<\/li>\n\n\n\n<li>Pas de feux ni de barbecues.\u00a0 Nous avons mis \u00e0 votre disposition un barbecue \u00e0 gaz.<\/li>\n\n\n\n<li>Alarmes - veuillez les r\u00e9gler sur le volume le plus bas ou disposer d'un r\u00e9cepteur.<\/li>\n\n\n\n<li>Radios et t\u00e9l\u00e9visions - veuillez r\u00e9gler le volume de fa\u00e7on \u00e0 ce que vous soyez le seul \u00e0 l'entendre.<\/li>\n\n\n\n<li>Respecter la faune et la flore<\/li>\n\n\n\n<li>Pas de coupe de la v\u00e9g\u00e9tation autour des baignades ou du lac<\/li>\n\n\n\n<li>Se respecter mutuellement et respecter les propri\u00e9taires et leurs repr\u00e9sentants<\/li>\n\n\n\n<li>S'il vous plait <strong><u>ne pas<\/u><\/strong> utiliser les buissons ou les arbres comme toilettes - Il y a des toilettes pr\u00e8s du lac.<\/li>\n\n\n\n<li>Les drogues r\u00e9cr\u00e9atives sont interdites sur le site, la consommation excessive d'alcool n'est pas autoris\u00e9e, en particulier lors de la p\u00eache (<em>il pourrait vous \u00eatre demand\u00e9 de quitter le site sans remboursement ni compensation)<\/em><\/li>\n\n\n\n<li>Pas de comportement agressif ou antisocial&nbsp;<em>(il vous sera demand\u00e9 de quitter le site sans remboursement ni compensation)<\/em><\/li>\n\n\n\n<li>Il est interdit d'apporter sur le site des armes \u00e0 feu, des armes blanches ou offensives, des arbal\u00e8tes ou du mat\u00e9riel de tir \u00e0 l'arc. <em>(il vous sera demand\u00e9 de quitter le site sans remboursement ni compensation si vous le faites)<\/em><\/li>\n<\/ol>\n\n\n\n<p class=\"has-text-align-center has-vivid-cyan-blue-color has-very-light-gray-background-color has-text-color has-background\"><em>Nous avons travaill\u00e9 dur pour faire de ce lieu un endroit agr\u00e9able et confortable pour venir en vacances avec ta famille ou ton partenaire et profiter de la p\u00eache.  La plupart des r\u00e8gles sont habituelles dans la plupart des p\u00eacheries, des clubs, des syndicats, etc. et sont con\u00e7ues pour nous aider \u00e0 vous faire passer des vacances plus agr\u00e9ables.<\/em><\/p>","protected":false},"excerpt":{"rendered":"<p>Environment and Safety We have worked hard to make this a pleasant, comfortable place to come on holiday with your family or [&hellip;]<\/p>\n","protected":false},"author":3,"featured_media":0,"parent":0,"menu_order":0,"comment_status":"closed","ping_status":"closed","template":"page-templates\/page_fullwidth.php","meta":{"_monsterinsights_skip_tracking":false,"_monsterinsights_sitenote_active":false,"_monsterinsights_sitenote_note":"","_monsterinsights_sitenote_category":0,"footnotes":""},"class_list":["post-732","page","type-page","status-publish","hentry"],"yoast_head":"<!-- This site is optimized with the Yoast SEO Premium plugin v26.8 (Yoast SEO v27.4) - https:\/\/yoast.com\/product\/yoast-seo-premium-wordpress\/ -->\n<title>Fishery Rules - Les Ravalieres<\/title>\n<meta name=\"robots\" content=\"index, follow, max-snippet:-1, max-image-preview:large, max-video-preview:-1\" \/>\n<link rel=\"canonical\" href=\"https:\/\/lesravalieres.com\/fr\/fishery-rules\/\" \/>\n<meta property=\"og:locale\" content=\"fr_FR\" \/>\n<meta property=\"og:type\" content=\"article\" \/>\n<meta property=\"og:title\" content=\"Fishery Rules\" \/>\n<meta property=\"og:description\" content=\"Environment and Safety We have worked hard to make this a pleasant, comfortable place to come on holiday with your family or [&hellip;]\" \/>\n<meta property=\"og:url\" content=\"https:\/\/lesravalieres.com\/fr\/fishery-rules\/\" \/>\n<meta property=\"og:site_name\" content=\"Les Ravalieres\" \/>\n<meta property=\"article:publisher\" content=\"http:\/\/www.facebook.com\/LesRavalieres\" \/>\n<meta property=\"article:modified_time\" content=\"2024-08-04T15:30:11+00:00\" \/>\n<meta name=\"twitter:label1\" content=\"Dur\u00e9e de lecture estim\u00e9e\" \/>\n\t<meta name=\"twitter:data1\" content=\"4 minutes\" \/>\n<script type=\"application\/ld+json\" class=\"yoast-schema-graph\">{\"@context\":\"https:\\\/\\\/schema.org\",\"@graph\":[{\"@type\":\"WebPage\",\"@id\":\"https:\\\/\\\/lesravalieres.com\\\/en_gb\\\/fishery-rules\\\/\",\"url\":\"https:\\\/\\\/lesravalieres.com\\\/en_gb\\\/fishery-rules\\\/\",\"name\":\"Fishery Rules - Les Ravalieres\",\"isPartOf\":{\"@id\":\"https:\\\/\\\/lesravalieres.com\\\/en_gb\\\/#website\"},\"datePublished\":\"2020-01-08T17:19:01+00:00\",\"dateModified\":\"2024-08-04T15:30:11+00:00\",\"breadcrumb\":{\"@id\":\"https:\\\/\\\/lesravalieres.com\\\/en_gb\\\/fishery-rules\\\/#breadcrumb\"},\"inLanguage\":\"fr-FR\",\"potentialAction\":[{\"@type\":\"ReadAction\",\"target\":[\"https:\\\/\\\/lesravalieres.com\\\/en_gb\\\/fishery-rules\\\/\"]}]},{\"@type\":\"BreadcrumbList\",\"@id\":\"https:\\\/\\\/lesravalieres.com\\\/en_gb\\\/fishery-rules\\\/#breadcrumb\",\"itemListElement\":[{\"@type\":\"ListItem\",\"position\":1,\"name\":\"Home\",\"item\":\"https:\\\/\\\/lesravalieres.com\\\/\"},{\"@type\":\"ListItem\",\"position\":2,\"name\":\"Fishery Rules\"}]},{\"@type\":\"WebSite\",\"@id\":\"https:\\\/\\\/lesravalieres.com\\\/en_gb\\\/#website\",\"url\":\"https:\\\/\\\/lesravalieres.com\\\/en_gb\\\/\",\"name\":\"Les Ravali\u00e8res\",\"description\":\"Carp Fishing Holidays in France with Accommodation\",\"publisher\":{\"@id\":\"https:\\\/\\\/lesravalieres.com\\\/en_gb\\\/#organization\"},\"potentialAction\":[{\"@type\":\"SearchAction\",\"target\":{\"@type\":\"EntryPoint\",\"urlTemplate\":\"https:\\\/\\\/lesravalieres.com\\\/en_gb\\\/?s={search_term_string}\"},\"query-input\":{\"@type\":\"PropertyValueSpecification\",\"valueRequired\":true,\"valueName\":\"search_term_string\"}}],\"inLanguage\":\"fr-FR\"},{\"@type\":\"Organization\",\"@id\":\"https:\\\/\\\/lesravalieres.com\\\/en_gb\\\/#organization\",\"name\":\"EIRL Jonathan Miller\",\"url\":\"https:\\\/\\\/lesravalieres.com\\\/en_gb\\\/\",\"logo\":{\"@type\":\"ImageObject\",\"inLanguage\":\"fr-FR\",\"@id\":\"https:\\\/\\\/lesravalieres.com\\\/en_gb\\\/#\\\/schema\\\/logo\\\/image\\\/\",\"url\":\"http:\\\/\\\/lesravalieres.com\\\/wp-content\\\/uploads\\\/2019\\\/12\\\/Les-Ravalieres-Logo3.jpg\",\"contentUrl\":\"http:\\\/\\\/lesravalieres.com\\\/wp-content\\\/uploads\\\/2019\\\/12\\\/Les-Ravalieres-Logo3.jpg\",\"width\":461,\"height\":461,\"caption\":\"EIRL Jonathan Miller\"},\"image\":{\"@id\":\"https:\\\/\\\/lesravalieres.com\\\/en_gb\\\/#\\\/schema\\\/logo\\\/image\\\/\"},\"sameAs\":[\"http:\\\/\\\/www.facebook.com\\\/LesRavalieres\",\"http:\\\/\\\/www.instagram.com\\\/lesravalieres53400\"]}]}<\/script>\n<!-- \/ Yoast SEO Premium plugin. -->","yoast_head_json":{"title":"Fishery Rules - Les Ravalieres","robots":{"index":"index","follow":"follow","max-snippet":"max-snippet:-1","max-image-preview":"max-image-preview:large","max-video-preview":"max-video-preview:-1"},"canonical":"https:\/\/lesravalieres.com\/fr\/fishery-rules\/","og_locale":"fr_FR","og_type":"article","og_title":"Fishery Rules","og_description":"Environment and Safety We have worked hard to make this a pleasant, comfortable place to come on holiday with your family or [&hellip;]","og_url":"https:\/\/lesravalieres.com\/fr\/fishery-rules\/","og_site_name":"Les Ravalieres","article_publisher":"http:\/\/www.facebook.com\/LesRavalieres","article_modified_time":"2024-08-04T15:30:11+00:00","twitter_misc":{"Dur\u00e9e de lecture estim\u00e9e":"4 minutes"},"schema":{"@context":"https:\/\/schema.org","@graph":[{"@type":"WebPage","@id":"https:\/\/lesravalieres.com\/en_gb\/fishery-rules\/","url":"https:\/\/lesravalieres.com\/en_gb\/fishery-rules\/","name":"Fishery Rules - Les Ravalieres","isPartOf":{"@id":"https:\/\/lesravalieres.com\/en_gb\/#website"},"datePublished":"2020-01-08T17:19:01+00:00","dateModified":"2024-08-04T15:30:11+00:00","breadcrumb":{"@id":"https:\/\/lesravalieres.com\/en_gb\/fishery-rules\/#breadcrumb"},"inLanguage":"fr-FR","potentialAction":[{"@type":"ReadAction","target":["https:\/\/lesravalieres.com\/en_gb\/fishery-rules\/"]}]},{"@type":"BreadcrumbList","@id":"https:\/\/lesravalieres.com\/en_gb\/fishery-rules\/#breadcrumb","itemListElement":[{"@type":"ListItem","position":1,"name":"Home","item":"https:\/\/lesravalieres.com\/"},{"@type":"ListItem","position":2,"name":"Fishery Rules"}]},{"@type":"WebSite","@id":"https:\/\/lesravalieres.com\/en_gb\/#website","url":"https:\/\/lesravalieres.com\/en_gb\/","name":"Les Ravali\u00e8res","description":"Carp Fishing Holidays in France with Accommodation","publisher":{"@id":"https:\/\/lesravalieres.com\/en_gb\/#organization"},"potentialAction":[{"@type":"SearchAction","target":{"@type":"EntryPoint","urlTemplate":"https:\/\/lesravalieres.com\/en_gb\/?s={search_term_string}"},"query-input":{"@type":"PropertyValueSpecification","valueRequired":true,"valueName":"search_term_string"}}],"inLanguage":"fr-FR"},{"@type":"Organization","@id":"https:\/\/lesravalieres.com\/en_gb\/#organization","name":"EIRL Jonathan Miller","url":"https:\/\/lesravalieres.com\/en_gb\/","logo":{"@type":"ImageObject","inLanguage":"fr-FR","@id":"https:\/\/lesravalieres.com\/en_gb\/#\/schema\/logo\/image\/","url":"http:\/\/lesravalieres.com\/wp-content\/uploads\/2019\/12\/Les-Ravalieres-Logo3.jpg","contentUrl":"http:\/\/lesravalieres.com\/wp-content\/uploads\/2019\/12\/Les-Ravalieres-Logo3.jpg","width":461,"height":461,"caption":"EIRL Jonathan Miller"},"image":{"@id":"https:\/\/lesravalieres.com\/en_gb\/#\/schema\/logo\/image\/"},"sameAs":["http:\/\/www.facebook.com\/LesRavalieres","http:\/\/www.instagram.com\/lesravalieres53400"]}]}},"_links":{"self":[{"href":"https:\/\/lesravalieres.com\/fr\/wp-json\/wp\/v2\/pages\/732","targetHints":{"allow":["GET"]}}],"collection":[{"href":"https:\/\/lesravalieres.com\/fr\/wp-json\/wp\/v2\/pages"}],"about":[{"href":"https:\/\/lesravalieres.com\/fr\/wp-json\/wp\/v2\/types\/page"}],"author":[{"embeddable":true,"href":"https:\/\/lesravalieres.com\/fr\/wp-json\/wp\/v2\/users\/3"}],"replies":[{"embeddable":true,"href":"https:\/\/lesravalieres.com\/fr\/wp-json\/wp\/v2\/comments?post=732"}],"version-history":[{"count":12,"href":"https:\/\/lesravalieres.com\/fr\/wp-json\/wp\/v2\/pages\/732\/revisions"}],"predecessor-version":[{"id":2868,"href":"https:\/\/lesravalieres.com\/fr\/wp-json\/wp\/v2\/pages\/732\/revisions\/2868"}],"wp:attachment":[{"href":"https:\/\/lesravalieres.com\/fr\/wp-json\/wp\/v2\/media?parent=732"}],"curies":[{"name":"wp","href":"https:\/\/api.w.org\/{rel}","templated":true}]}}