{"id":2408,"date":"2023-01-21T19:06:27","date_gmt":"2023-01-21T18:06:27","guid":{"rendered":"https:\/\/lesravalieres.com\/?page_id=2408"},"modified":"2023-02-22T16:39:47","modified_gmt":"2023-02-22T15:39:47","slug":"massage-service","status":"publish","type":"page","link":"https:\/\/lesravalieres.com\/fr\/massage-service\/","title":{"rendered":"Service de massage"},"content":{"rendered":"<p>Profitez d'un massage relaxant ou revigorant sans quitter votre logement de vacances. Nous nous sommes associ\u00e9s \u00e0 une charmante dame de la r\u00e9gion qui propose de nombreuses techniques de massage fantastiques et qui se rendra \u00e0 notre <a href=\"http:\/\/lesravalieres.com\/fr\/gite-luxury-accommodation\/\">gite<\/a> pour vous fournir ce service.  Avec des prix tr\u00e8s raisonnables pour ce petit luxe personnel de vacances, cela vaut vraiment le coup de jeter un coup d'\u0153il !<\/p>\n\n\n\n<p>Ses techniques de massage comprennent :<\/p>\n\n\n\n<ul class=\"wp-block-list\">\n<li>Massage Amazonien (relaxant et enveloppant)<\/li>\n\n\n\n<li>Massage Asiatique (energetique et lent)<\/li>\n\n\n\n<li>Massage Africain (energissant et tonique)<\/li>\n\n\n\n<li>Massage Suedois (neuromusculaire profond)<\/li>\n\n\n\n<li>Massage Balinais (energissant et enveloppant)<\/li>\n\n\n\n<li>Massage Lomi Lomi (relanxant et enveloppement maximum)<\/li>\n\n\n\n<li>Massage Oriental (relaxant et tonifiant)<\/li>\n\n\n\n<li>Massage Psychocorporel<\/li>\n\n\n\n<li>R\u00e9servation de groupe de 4 massages<\/li>\n<\/ul>\n\n\n\n<p>Une autre option est le Reiki - Le Reiki est une technique de gu\u00e9rison par imposition des mains sur diff\u00e9rentes parties du corps, parfois en contact ou \u00e0 quelques centim\u00e8tres de la peau<\/p>\n\n\n\n<p>Nous avons fourni l'adresse de son site web ici : <a href=\"https:\/\/www.bulledessencedesoi.fr\/massages-domicile\" target=\"_blank\" rel=\"noreferrer noopener\">Bulle d&#8217;essence de soi<\/a> afin que vous puissiez examiner tous les merveilleux massages plus en d\u00e9tail.  Nous ferons la r\u00e9servation pour vous, gardez \u00e0 l'esprit qu'elle aura besoin d'au moins 4 jours de pr\u00e9avis. Donc, id\u00e9alement, nous devons prendre les rendez-vous avant votre arriv\u00e9e pour vous assurer d'avoir votre traitement et votre \"temps pour moi\" \ud83d\ude0d<\/p>\n\n\n\n\n\n<figure class=\"wp-block-image size-large\"><img loading=\"lazy\" decoding=\"async\" width=\"729\" height=\"1024\" src=\"http:\/\/lesravalieres.com\/wp-content\/uploads\/2023\/01\/Bulle-dessence-de-soi-1-729x1024.jpg\" alt=\"massage service, reiki\" class=\"wp-image-2410\" srcset=\"https:\/\/lesravalieres.com\/wp-content\/uploads\/2023\/01\/Bulle-dessence-de-soi-1-729x1024.jpg 729w, https:\/\/lesravalieres.com\/wp-content\/uploads\/2023\/01\/Bulle-dessence-de-soi-1-214x300.jpg 214w, https:\/\/lesravalieres.com\/wp-content\/uploads\/2023\/01\/Bulle-dessence-de-soi-1-768x1079.jpg 768w, https:\/\/lesravalieres.com\/wp-content\/uploads\/2023\/01\/Bulle-dessence-de-soi-1-9x12.jpg 9w, https:\/\/lesravalieres.com\/wp-content\/uploads\/2023\/01\/Bulle-dessence-de-soi-1-230x323.jpg 230w, https:\/\/lesravalieres.com\/wp-content\/uploads\/2023\/01\/Bulle-dessence-de-soi-1-350x492.jpg 350w, https:\/\/lesravalieres.com\/wp-content\/uploads\/2023\/01\/Bulle-dessence-de-soi-1-480x674.jpg 480w, https:\/\/lesravalieres.com\/wp-content\/uploads\/2023\/01\/Bulle-dessence-de-soi-1.jpg 822w\" sizes=\"auto, (max-width: 729px) 100vw, 729px\" \/><\/figure>\n\n\n\n\n\n<p><\/p>","protected":false},"excerpt":{"rendered":"<p>Enjoy a relaxing or invigorating massage without leaving your holiday accommodation. We&#8217;ve teamed up with a lovely local lady who provides many [&hellip;]<\/p>\n","protected":false},"author":3,"featured_media":2410,"parent":0,"menu_order":0,"comment_status":"closed","ping_status":"closed","template":"page-templates\/page_fullwidth.php","meta":{"_monsterinsights_skip_tracking":false,"_monsterinsights_sitenote_active":false,"_monsterinsights_sitenote_note":"","_monsterinsights_sitenote_category":0,"footnotes":""},"class_list":["post-2408","page","type-page","status-publish","has-post-thumbnail","hentry"],"yoast_head":"<!-- This site is optimized with the Yoast SEO Premium plugin v26.8 (Yoast SEO v27.4) - https:\/\/yoast.com\/product\/yoast-seo-premium-wordpress\/ -->\n<title>Massage service - Les Ravalieres<\/title>\n<meta name=\"description\" content=\"Massage service - Enjoy a wonderful relaxing massage without going out, or reiki treatment whilst you&#039;re on holiday! We&#039;ll book it for you.\" \/>\n<meta name=\"robots\" content=\"index, follow, max-snippet:-1, max-image-preview:large, max-video-preview:-1\" \/>\n<link rel=\"canonical\" href=\"https:\/\/lesravalieres.com\/fr\/massage-service\/\" \/>\n<meta property=\"og:locale\" content=\"fr_FR\" \/>\n<meta property=\"og:type\" content=\"article\" \/>\n<meta property=\"og:title\" content=\"Massage service\" \/>\n<meta property=\"og:description\" content=\"Massage service - Enjoy a wonderful relaxing massage without going out, or reiki treatment whilst you&#039;re on holiday! We&#039;ll book it for you.\" \/>\n<meta property=\"og:url\" content=\"https:\/\/lesravalieres.com\/fr\/massage-service\/\" \/>\n<meta property=\"og:site_name\" content=\"Les Ravalieres\" \/>\n<meta property=\"article:publisher\" content=\"http:\/\/www.facebook.com\/LesRavalieres\" \/>\n<meta property=\"article:modified_time\" content=\"2023-02-22T15:39:47+00:00\" \/>\n<meta property=\"og:image\" content=\"https:\/\/lesravalieres.com\/wp-content\/uploads\/2023\/01\/Bulle-dessence-de-soi-1.jpg\" \/>\n\t<meta property=\"og:image:width\" content=\"822\" \/>\n\t<meta property=\"og:image:height\" content=\"1155\" \/>\n\t<meta property=\"og:image:type\" content=\"image\/jpeg\" \/>\n<meta name=\"twitter:label1\" content=\"Dur\u00e9e de lecture estim\u00e9e\" \/>\n\t<meta name=\"twitter:data1\" content=\"2 minutes\" \/>\n<script type=\"application\/ld+json\" class=\"yoast-schema-graph\">{\"@context\":\"https:\\\/\\\/schema.org\",\"@graph\":[{\"@type\":\"WebPage\",\"@id\":\"https:\\\/\\\/lesravalieres.com\\\/fr\\\/massage-service\\\/\",\"url\":\"https:\\\/\\\/lesravalieres.com\\\/fr\\\/massage-service\\\/\",\"name\":\"Massage service - Les Ravalieres\",\"isPartOf\":{\"@id\":\"https:\\\/\\\/lesravalieres.com\\\/en_gb\\\/#website\"},\"primaryImageOfPage\":{\"@id\":\"https:\\\/\\\/lesravalieres.com\\\/fr\\\/massage-service\\\/#primaryimage\"},\"image\":{\"@id\":\"https:\\\/\\\/lesravalieres.com\\\/fr\\\/massage-service\\\/#primaryimage\"},\"thumbnailUrl\":\"https:\\\/\\\/lesravalieres.com\\\/wp-content\\\/uploads\\\/2023\\\/01\\\/Bulle-dessence-de-soi-1.jpg\",\"datePublished\":\"2023-01-21T18:06:27+00:00\",\"dateModified\":\"2023-02-22T15:39:47+00:00\",\"description\":\"Massage service - Enjoy a wonderful relaxing massage without going out, or reiki treatment whilst you're on holiday! We'll book it for you.\",\"breadcrumb\":{\"@id\":\"https:\\\/\\\/lesravalieres.com\\\/fr\\\/massage-service\\\/#breadcrumb\"},\"inLanguage\":\"fr-FR\",\"potentialAction\":[{\"@type\":\"ReadAction\",\"target\":[\"https:\\\/\\\/lesravalieres.com\\\/fr\\\/massage-service\\\/\"]}]},{\"@type\":\"ImageObject\",\"inLanguage\":\"fr-FR\",\"@id\":\"https:\\\/\\\/lesravalieres.com\\\/fr\\\/massage-service\\\/#primaryimage\",\"url\":\"https:\\\/\\\/lesravalieres.com\\\/wp-content\\\/uploads\\\/2023\\\/01\\\/Bulle-dessence-de-soi-1.jpg\",\"contentUrl\":\"https:\\\/\\\/lesravalieres.com\\\/wp-content\\\/uploads\\\/2023\\\/01\\\/Bulle-dessence-de-soi-1.jpg\",\"width\":822,\"height\":1155,\"caption\":\"massage service\"},{\"@type\":\"BreadcrumbList\",\"@id\":\"https:\\\/\\\/lesravalieres.com\\\/fr\\\/massage-service\\\/#breadcrumb\",\"itemListElement\":[{\"@type\":\"ListItem\",\"position\":1,\"name\":\"Home\",\"item\":\"https:\\\/\\\/lesravalieres.com\\\/\"},{\"@type\":\"ListItem\",\"position\":2,\"name\":\"Massage service\"}]},{\"@type\":\"WebSite\",\"@id\":\"https:\\\/\\\/lesravalieres.com\\\/en_gb\\\/#website\",\"url\":\"https:\\\/\\\/lesravalieres.com\\\/en_gb\\\/\",\"name\":\"Les Ravali\u00e8res\",\"description\":\"Carp Fishing Holidays in France with Accommodation\",\"publisher\":{\"@id\":\"https:\\\/\\\/lesravalieres.com\\\/en_gb\\\/#organization\"},\"potentialAction\":[{\"@type\":\"SearchAction\",\"target\":{\"@type\":\"EntryPoint\",\"urlTemplate\":\"https:\\\/\\\/lesravalieres.com\\\/en_gb\\\/?s={search_term_string}\"},\"query-input\":{\"@type\":\"PropertyValueSpecification\",\"valueRequired\":true,\"valueName\":\"search_term_string\"}}],\"inLanguage\":\"fr-FR\"},{\"@type\":\"Organization\",\"@id\":\"https:\\\/\\\/lesravalieres.com\\\/en_gb\\\/#organization\",\"name\":\"EIRL Jonathan Miller\",\"url\":\"https:\\\/\\\/lesravalieres.com\\\/en_gb\\\/\",\"logo\":{\"@type\":\"ImageObject\",\"inLanguage\":\"fr-FR\",\"@id\":\"https:\\\/\\\/lesravalieres.com\\\/en_gb\\\/#\\\/schema\\\/logo\\\/image\\\/\",\"url\":\"http:\\\/\\\/lesravalieres.com\\\/wp-content\\\/uploads\\\/2019\\\/12\\\/Les-Ravalieres-Logo3.jpg\",\"contentUrl\":\"http:\\\/\\\/lesravalieres.com\\\/wp-content\\\/uploads\\\/2019\\\/12\\\/Les-Ravalieres-Logo3.jpg\",\"width\":461,\"height\":461,\"caption\":\"EIRL Jonathan Miller\"},\"image\":{\"@id\":\"https:\\\/\\\/lesravalieres.com\\\/en_gb\\\/#\\\/schema\\\/logo\\\/image\\\/\"},\"sameAs\":[\"http:\\\/\\\/www.facebook.com\\\/LesRavalieres\",\"http:\\\/\\\/www.instagram.com\\\/lesravalieres53400\"]}]}<\/script>\n<!-- \/ Yoast SEO Premium plugin. -->","yoast_head_json":{"title":"Massage service - Les Ravalieres","description":"Massage service - Enjoy a wonderful relaxing massage without going out, or reiki treatment whilst you're on holiday! We'll book it for you.","robots":{"index":"index","follow":"follow","max-snippet":"max-snippet:-1","max-image-preview":"max-image-preview:large","max-video-preview":"max-video-preview:-1"},"canonical":"https:\/\/lesravalieres.com\/fr\/massage-service\/","og_locale":"fr_FR","og_type":"article","og_title":"Massage service","og_description":"Massage service - Enjoy a wonderful relaxing massage without going out, or reiki treatment whilst you're on holiday! We'll book it for you.","og_url":"https:\/\/lesravalieres.com\/fr\/massage-service\/","og_site_name":"Les Ravalieres","article_publisher":"http:\/\/www.facebook.com\/LesRavalieres","article_modified_time":"2023-02-22T15:39:47+00:00","og_image":[{"width":822,"height":1155,"url":"https:\/\/lesravalieres.com\/wp-content\/uploads\/2023\/01\/Bulle-dessence-de-soi-1.jpg","type":"image\/jpeg"}],"twitter_misc":{"Dur\u00e9e de lecture estim\u00e9e":"2 minutes"},"schema":{"@context":"https:\/\/schema.org","@graph":[{"@type":"WebPage","@id":"https:\/\/lesravalieres.com\/fr\/massage-service\/","url":"https:\/\/lesravalieres.com\/fr\/massage-service\/","name":"Massage service - Les Ravalieres","isPartOf":{"@id":"https:\/\/lesravalieres.com\/en_gb\/#website"},"primaryImageOfPage":{"@id":"https:\/\/lesravalieres.com\/fr\/massage-service\/#primaryimage"},"image":{"@id":"https:\/\/lesravalieres.com\/fr\/massage-service\/#primaryimage"},"thumbnailUrl":"https:\/\/lesravalieres.com\/wp-content\/uploads\/2023\/01\/Bulle-dessence-de-soi-1.jpg","datePublished":"2023-01-21T18:06:27+00:00","dateModified":"2023-02-22T15:39:47+00:00","description":"Massage service - Enjoy a wonderful relaxing massage without going out, or reiki treatment whilst you're on holiday! We'll book it for you.","breadcrumb":{"@id":"https:\/\/lesravalieres.com\/fr\/massage-service\/#breadcrumb"},"inLanguage":"fr-FR","potentialAction":[{"@type":"ReadAction","target":["https:\/\/lesravalieres.com\/fr\/massage-service\/"]}]},{"@type":"ImageObject","inLanguage":"fr-FR","@id":"https:\/\/lesravalieres.com\/fr\/massage-service\/#primaryimage","url":"https:\/\/lesravalieres.com\/wp-content\/uploads\/2023\/01\/Bulle-dessence-de-soi-1.jpg","contentUrl":"https:\/\/lesravalieres.com\/wp-content\/uploads\/2023\/01\/Bulle-dessence-de-soi-1.jpg","width":822,"height":1155,"caption":"massage service"},{"@type":"BreadcrumbList","@id":"https:\/\/lesravalieres.com\/fr\/massage-service\/#breadcrumb","itemListElement":[{"@type":"ListItem","position":1,"name":"Home","item":"https:\/\/lesravalieres.com\/"},{"@type":"ListItem","position":2,"name":"Massage service"}]},{"@type":"WebSite","@id":"https:\/\/lesravalieres.com\/en_gb\/#website","url":"https:\/\/lesravalieres.com\/en_gb\/","name":"Les Ravali\u00e8res","description":"Carp Fishing Holidays in France with Accommodation","publisher":{"@id":"https:\/\/lesravalieres.com\/en_gb\/#organization"},"potentialAction":[{"@type":"SearchAction","target":{"@type":"EntryPoint","urlTemplate":"https:\/\/lesravalieres.com\/en_gb\/?s={search_term_string}"},"query-input":{"@type":"PropertyValueSpecification","valueRequired":true,"valueName":"search_term_string"}}],"inLanguage":"fr-FR"},{"@type":"Organization","@id":"https:\/\/lesravalieres.com\/en_gb\/#organization","name":"EIRL Jonathan Miller","url":"https:\/\/lesravalieres.com\/en_gb\/","logo":{"@type":"ImageObject","inLanguage":"fr-FR","@id":"https:\/\/lesravalieres.com\/en_gb\/#\/schema\/logo\/image\/","url":"http:\/\/lesravalieres.com\/wp-content\/uploads\/2019\/12\/Les-Ravalieres-Logo3.jpg","contentUrl":"http:\/\/lesravalieres.com\/wp-content\/uploads\/2019\/12\/Les-Ravalieres-Logo3.jpg","width":461,"height":461,"caption":"EIRL Jonathan Miller"},"image":{"@id":"https:\/\/lesravalieres.com\/en_gb\/#\/schema\/logo\/image\/"},"sameAs":["http:\/\/www.facebook.com\/LesRavalieres","http:\/\/www.instagram.com\/lesravalieres53400"]}]}},"_links":{"self":[{"href":"https:\/\/lesravalieres.com\/fr\/wp-json\/wp\/v2\/pages\/2408","targetHints":{"allow":["GET"]}}],"collection":[{"href":"https:\/\/lesravalieres.com\/fr\/wp-json\/wp\/v2\/pages"}],"about":[{"href":"https:\/\/lesravalieres.com\/fr\/wp-json\/wp\/v2\/types\/page"}],"author":[{"embeddable":true,"href":"https:\/\/lesravalieres.com\/fr\/wp-json\/wp\/v2\/users\/3"}],"replies":[{"embeddable":true,"href":"https:\/\/lesravalieres.com\/fr\/wp-json\/wp\/v2\/comments?post=2408"}],"version-history":[{"count":2,"href":"https:\/\/lesravalieres.com\/fr\/wp-json\/wp\/v2\/pages\/2408\/revisions"}],"predecessor-version":[{"id":2413,"href":"https:\/\/lesravalieres.com\/fr\/wp-json\/wp\/v2\/pages\/2408\/revisions\/2413"}],"wp:featuredmedia":[{"embeddable":true,"href":"https:\/\/lesravalieres.com\/fr\/wp-json\/wp\/v2\/media\/2410"}],"wp:attachment":[{"href":"https:\/\/lesravalieres.com\/fr\/wp-json\/wp\/v2\/media?parent=2408"}],"curies":[{"name":"wp","href":"https:\/\/api.w.org\/{rel}","templated":true}]}}