{"id":2040,"date":"2022-03-17T09:44:55","date_gmt":"2022-03-17T08:44:55","guid":{"rendered":"https:\/\/lesravalieres.com\/?page_id=2040"},"modified":"2022-03-17T09:44:56","modified_gmt":"2022-03-17T08:44:56","slug":"car-travel-documentation","status":"publish","type":"page","link":"https:\/\/lesravalieres.com\/fr\/car-travel-documentation\/","title":{"rendered":"Documents de voyage en voiture"},"content":{"rendered":"<p class=\"has-medium-font-size\">Il est tr\u00e8s important de s'assurer que vous disposez des bons documents de voyage en voiture, que vous vous rendiez en France en voiture ou en moto.<\/p>\n\n\n\n<p class=\"has-medium-font-size\">Lors d'un contr\u00f4le routier par la police ou la gendarmerie, vous devez pr\u00e9senter les documents suivants du v\u00e9hicule en <strong>forme physique<\/strong> (la version \u00e9lectronique n'est pas accept\u00e9e).<\/p>\n\n\n\n<ul class=\"has-medium-font-size wp-block-list\"><li>Permis de conduire (carte)<\/li><li>Carte grise du v\u00e9hicule (une photocopie pour un v\u00e9hicule de location)<\/li><li>Certificat d'assurance<\/li><\/ul>\n\n\n\n<p>L'absence de ces documents peut entra\u00eener une amende pouvant aller jusqu'\u00e0 150 \u20ac pour un seul document, alors v\u00e9rifiez que vous les avez bien avant de partir.<\/p>\n\n\n\n<p class=\"has-small-font-size\"><em>Remarque : ces r\u00e8gles s'appliquent aux v\u00e9hicules priv\u00e9s<\/em><\/p>\n\n\n\n<figure class=\"wp-block-image size-full\"><img loading=\"lazy\" decoding=\"async\" width=\"705\" height=\"330\" src=\"http:\/\/lesravalieres.com\/wp-content\/uploads\/2022\/03\/Vehicle-documents.jpg\" alt=\"example vehicle documents\" class=\"wp-image-2046\" srcset=\"https:\/\/lesravalieres.com\/wp-content\/uploads\/2022\/03\/Vehicle-documents.jpg 705w, https:\/\/lesravalieres.com\/wp-content\/uploads\/2022\/03\/Vehicle-documents-300x140.jpg 300w, https:\/\/lesravalieres.com\/wp-content\/uploads\/2022\/03\/Vehicle-documents-18x8.jpg 18w, https:\/\/lesravalieres.com\/wp-content\/uploads\/2022\/03\/Vehicle-documents-230x108.jpg 230w, https:\/\/lesravalieres.com\/wp-content\/uploads\/2022\/03\/Vehicle-documents-350x164.jpg 350w, https:\/\/lesravalieres.com\/wp-content\/uploads\/2022\/03\/Vehicle-documents-480x225.jpg 480w\" sizes=\"auto, (max-width: 705px) 100vw, 705px\" \/><\/figure>\n\n\n\n<p>Lien vers le site officiel fran\u00e7ais ici pour plus d'informations sur les documents de voyage en voiture : <a href=\"https:\/\/www.service-public.fr\/particuliers\/vosdroits\/F2794?fbclid=IwAR3qUt3FdDsCvT68C7D2I73ss5B2BXJq0VA15fqurrkJVEyyUkgjjjDw570\" target=\"_blank\" rel=\"noreferrer noopener\">https:\/\/www.service-public.fr\/particul&#8230;\/vosdroits\/F2794&#8230;<\/a><\/p>\n\n\n\n<p>Quel que soit votre voyage, assurez-vous de savoir o\u00f9 nous nous trouvons en consultant notre <a href=\"http:\/\/lesravalieres.com\/fr\/finding-us\/\" target=\"_blank\" rel=\"noreferrer noopener\">Nous trouver<\/a> page<\/p>\n\n\n\n<p><a href=\"http:\/\/lesravalieres.com\/fr\/\" target=\"_blank\" rel=\"noreferrer noopener\">Accueil<\/a><\/p>","protected":false},"excerpt":{"rendered":"<p>Making sure you have the correct car travel documentation is so important, whether you&#8217;re travelling to France by car or motorbike. During [&hellip;]<\/p>\n","protected":false},"author":3,"featured_media":0,"parent":0,"menu_order":0,"comment_status":"closed","ping_status":"closed","template":"page-templates\/page_fullwidth.php","meta":{"_monsterinsights_skip_tracking":false,"_monsterinsights_sitenote_active":false,"_monsterinsights_sitenote_note":"","_monsterinsights_sitenote_category":0,"footnotes":""},"class_list":["post-2040","page","type-page","status-publish","hentry"],"yoast_head":"<!-- This site is optimized with the Yoast SEO Premium plugin v26.8 (Yoast SEO v27.4) - https:\/\/yoast.com\/product\/yoast-seo-premium-wordpress\/ -->\n<title>Car travel documentation - Les Ravalieres<\/title>\n<meta name=\"description\" content=\"Making sure you have the correct travel documentation is so important, whether you&#039;re travelling to France by car or motorbike.\" \/>\n<meta name=\"robots\" content=\"index, follow, max-snippet:-1, max-image-preview:large, max-video-preview:-1\" \/>\n<link rel=\"canonical\" href=\"https:\/\/lesravalieres.com\/fr\/car-travel-documentation\/\" \/>\n<meta property=\"og:locale\" content=\"fr_FR\" \/>\n<meta property=\"og:type\" content=\"article\" \/>\n<meta property=\"og:title\" content=\"Car travel documentation\" \/>\n<meta property=\"og:description\" content=\"Making sure you have the correct travel documentation is so important, whether you&#039;re travelling to France by car or motorbike.\" \/>\n<meta property=\"og:url\" content=\"https:\/\/lesravalieres.com\/fr\/car-travel-documentation\/\" \/>\n<meta property=\"og:site_name\" content=\"Les Ravalieres\" \/>\n<meta property=\"article:publisher\" content=\"http:\/\/www.facebook.com\/LesRavalieres\" \/>\n<meta property=\"article:modified_time\" content=\"2022-03-17T08:44:56+00:00\" \/>\n<meta property=\"og:image\" content=\"http:\/\/lesravalieres.com\/wp-content\/uploads\/2022\/03\/Vehicle-documents.jpg\" \/>\n<meta name=\"twitter:label1\" content=\"Dur\u00e9e de lecture estim\u00e9e\" \/>\n\t<meta name=\"twitter:data1\" content=\"1 minute\" \/>\n<script type=\"application\/ld+json\" class=\"yoast-schema-graph\">{\"@context\":\"https:\\\/\\\/schema.org\",\"@graph\":[{\"@type\":\"WebPage\",\"@id\":\"https:\\\/\\\/lesravalieres.com\\\/en_gb\\\/car-travel-documentation\\\/\",\"url\":\"https:\\\/\\\/lesravalieres.com\\\/en_gb\\\/car-travel-documentation\\\/\",\"name\":\"Car travel documentation - Les Ravalieres\",\"isPartOf\":{\"@id\":\"https:\\\/\\\/lesravalieres.com\\\/en_gb\\\/#website\"},\"primaryImageOfPage\":{\"@id\":\"https:\\\/\\\/lesravalieres.com\\\/en_gb\\\/car-travel-documentation\\\/#primaryimage\"},\"image\":{\"@id\":\"https:\\\/\\\/lesravalieres.com\\\/en_gb\\\/car-travel-documentation\\\/#primaryimage\"},\"thumbnailUrl\":\"http:\\\/\\\/lesravalieres.com\\\/wp-content\\\/uploads\\\/2022\\\/03\\\/Vehicle-documents.jpg\",\"datePublished\":\"2022-03-17T08:44:55+00:00\",\"dateModified\":\"2022-03-17T08:44:56+00:00\",\"description\":\"Making sure you have the correct travel documentation is so important, whether you're travelling to France by car or motorbike.\",\"breadcrumb\":{\"@id\":\"https:\\\/\\\/lesravalieres.com\\\/en_gb\\\/car-travel-documentation\\\/#breadcrumb\"},\"inLanguage\":\"fr-FR\",\"potentialAction\":[{\"@type\":\"ReadAction\",\"target\":[\"https:\\\/\\\/lesravalieres.com\\\/en_gb\\\/car-travel-documentation\\\/\"]}]},{\"@type\":\"ImageObject\",\"inLanguage\":\"fr-FR\",\"@id\":\"https:\\\/\\\/lesravalieres.com\\\/en_gb\\\/car-travel-documentation\\\/#primaryimage\",\"url\":\"http:\\\/\\\/lesravalieres.com\\\/wp-content\\\/uploads\\\/2022\\\/03\\\/Vehicle-documents.jpg\",\"contentUrl\":\"http:\\\/\\\/lesravalieres.com\\\/wp-content\\\/uploads\\\/2022\\\/03\\\/Vehicle-documents.jpg\"},{\"@type\":\"BreadcrumbList\",\"@id\":\"https:\\\/\\\/lesravalieres.com\\\/en_gb\\\/car-travel-documentation\\\/#breadcrumb\",\"itemListElement\":[{\"@type\":\"ListItem\",\"position\":1,\"name\":\"Home\",\"item\":\"https:\\\/\\\/lesravalieres.com\\\/\"},{\"@type\":\"ListItem\",\"position\":2,\"name\":\"Car travel documentation\"}]},{\"@type\":\"WebSite\",\"@id\":\"https:\\\/\\\/lesravalieres.com\\\/en_gb\\\/#website\",\"url\":\"https:\\\/\\\/lesravalieres.com\\\/en_gb\\\/\",\"name\":\"Les Ravali\u00e8res\",\"description\":\"Carp Fishing Holidays in France with Accommodation\",\"publisher\":{\"@id\":\"https:\\\/\\\/lesravalieres.com\\\/en_gb\\\/#organization\"},\"potentialAction\":[{\"@type\":\"SearchAction\",\"target\":{\"@type\":\"EntryPoint\",\"urlTemplate\":\"https:\\\/\\\/lesravalieres.com\\\/en_gb\\\/?s={search_term_string}\"},\"query-input\":{\"@type\":\"PropertyValueSpecification\",\"valueRequired\":true,\"valueName\":\"search_term_string\"}}],\"inLanguage\":\"fr-FR\"},{\"@type\":\"Organization\",\"@id\":\"https:\\\/\\\/lesravalieres.com\\\/en_gb\\\/#organization\",\"name\":\"EIRL Jonathan Miller\",\"url\":\"https:\\\/\\\/lesravalieres.com\\\/en_gb\\\/\",\"logo\":{\"@type\":\"ImageObject\",\"inLanguage\":\"fr-FR\",\"@id\":\"https:\\\/\\\/lesravalieres.com\\\/en_gb\\\/#\\\/schema\\\/logo\\\/image\\\/\",\"url\":\"http:\\\/\\\/lesravalieres.com\\\/wp-content\\\/uploads\\\/2019\\\/12\\\/Les-Ravalieres-Logo3.jpg\",\"contentUrl\":\"http:\\\/\\\/lesravalieres.com\\\/wp-content\\\/uploads\\\/2019\\\/12\\\/Les-Ravalieres-Logo3.jpg\",\"width\":461,\"height\":461,\"caption\":\"EIRL Jonathan Miller\"},\"image\":{\"@id\":\"https:\\\/\\\/lesravalieres.com\\\/en_gb\\\/#\\\/schema\\\/logo\\\/image\\\/\"},\"sameAs\":[\"http:\\\/\\\/www.facebook.com\\\/LesRavalieres\",\"http:\\\/\\\/www.instagram.com\\\/lesravalieres53400\"]}]}<\/script>\n<!-- \/ Yoast SEO Premium plugin. -->","yoast_head_json":{"title":"Car travel documentation - Les Ravalieres","description":"Making sure you have the correct travel documentation is so important, whether you're travelling to France by car or motorbike.","robots":{"index":"index","follow":"follow","max-snippet":"max-snippet:-1","max-image-preview":"max-image-preview:large","max-video-preview":"max-video-preview:-1"},"canonical":"https:\/\/lesravalieres.com\/fr\/car-travel-documentation\/","og_locale":"fr_FR","og_type":"article","og_title":"Car travel documentation","og_description":"Making sure you have the correct travel documentation is so important, whether you're travelling to France by car or motorbike.","og_url":"https:\/\/lesravalieres.com\/fr\/car-travel-documentation\/","og_site_name":"Les Ravalieres","article_publisher":"http:\/\/www.facebook.com\/LesRavalieres","article_modified_time":"2022-03-17T08:44:56+00:00","og_image":[{"url":"http:\/\/lesravalieres.com\/wp-content\/uploads\/2022\/03\/Vehicle-documents.jpg","type":"","width":"","height":""}],"twitter_misc":{"Dur\u00e9e de lecture estim\u00e9e":"1 minute"},"schema":{"@context":"https:\/\/schema.org","@graph":[{"@type":"WebPage","@id":"https:\/\/lesravalieres.com\/en_gb\/car-travel-documentation\/","url":"https:\/\/lesravalieres.com\/en_gb\/car-travel-documentation\/","name":"Car travel documentation - Les Ravalieres","isPartOf":{"@id":"https:\/\/lesravalieres.com\/en_gb\/#website"},"primaryImageOfPage":{"@id":"https:\/\/lesravalieres.com\/en_gb\/car-travel-documentation\/#primaryimage"},"image":{"@id":"https:\/\/lesravalieres.com\/en_gb\/car-travel-documentation\/#primaryimage"},"thumbnailUrl":"http:\/\/lesravalieres.com\/wp-content\/uploads\/2022\/03\/Vehicle-documents.jpg","datePublished":"2022-03-17T08:44:55+00:00","dateModified":"2022-03-17T08:44:56+00:00","description":"Making sure you have the correct travel documentation is so important, whether you're travelling to France by car or motorbike.","breadcrumb":{"@id":"https:\/\/lesravalieres.com\/en_gb\/car-travel-documentation\/#breadcrumb"},"inLanguage":"fr-FR","potentialAction":[{"@type":"ReadAction","target":["https:\/\/lesravalieres.com\/en_gb\/car-travel-documentation\/"]}]},{"@type":"ImageObject","inLanguage":"fr-FR","@id":"https:\/\/lesravalieres.com\/en_gb\/car-travel-documentation\/#primaryimage","url":"http:\/\/lesravalieres.com\/wp-content\/uploads\/2022\/03\/Vehicle-documents.jpg","contentUrl":"http:\/\/lesravalieres.com\/wp-content\/uploads\/2022\/03\/Vehicle-documents.jpg"},{"@type":"BreadcrumbList","@id":"https:\/\/lesravalieres.com\/en_gb\/car-travel-documentation\/#breadcrumb","itemListElement":[{"@type":"ListItem","position":1,"name":"Home","item":"https:\/\/lesravalieres.com\/"},{"@type":"ListItem","position":2,"name":"Car travel documentation"}]},{"@type":"WebSite","@id":"https:\/\/lesravalieres.com\/en_gb\/#website","url":"https:\/\/lesravalieres.com\/en_gb\/","name":"Les Ravali\u00e8res","description":"Carp Fishing Holidays in France with Accommodation","publisher":{"@id":"https:\/\/lesravalieres.com\/en_gb\/#organization"},"potentialAction":[{"@type":"SearchAction","target":{"@type":"EntryPoint","urlTemplate":"https:\/\/lesravalieres.com\/en_gb\/?s={search_term_string}"},"query-input":{"@type":"PropertyValueSpecification","valueRequired":true,"valueName":"search_term_string"}}],"inLanguage":"fr-FR"},{"@type":"Organization","@id":"https:\/\/lesravalieres.com\/en_gb\/#organization","name":"EIRL Jonathan Miller","url":"https:\/\/lesravalieres.com\/en_gb\/","logo":{"@type":"ImageObject","inLanguage":"fr-FR","@id":"https:\/\/lesravalieres.com\/en_gb\/#\/schema\/logo\/image\/","url":"http:\/\/lesravalieres.com\/wp-content\/uploads\/2019\/12\/Les-Ravalieres-Logo3.jpg","contentUrl":"http:\/\/lesravalieres.com\/wp-content\/uploads\/2019\/12\/Les-Ravalieres-Logo3.jpg","width":461,"height":461,"caption":"EIRL Jonathan Miller"},"image":{"@id":"https:\/\/lesravalieres.com\/en_gb\/#\/schema\/logo\/image\/"},"sameAs":["http:\/\/www.facebook.com\/LesRavalieres","http:\/\/www.instagram.com\/lesravalieres53400"]}]}},"_links":{"self":[{"href":"https:\/\/lesravalieres.com\/fr\/wp-json\/wp\/v2\/pages\/2040","targetHints":{"allow":["GET"]}}],"collection":[{"href":"https:\/\/lesravalieres.com\/fr\/wp-json\/wp\/v2\/pages"}],"about":[{"href":"https:\/\/lesravalieres.com\/fr\/wp-json\/wp\/v2\/types\/page"}],"author":[{"embeddable":true,"href":"https:\/\/lesravalieres.com\/fr\/wp-json\/wp\/v2\/users\/3"}],"replies":[{"embeddable":true,"href":"https:\/\/lesravalieres.com\/fr\/wp-json\/wp\/v2\/comments?post=2040"}],"version-history":[{"count":6,"href":"https:\/\/lesravalieres.com\/fr\/wp-json\/wp\/v2\/pages\/2040\/revisions"}],"predecessor-version":[{"id":3082,"href":"https:\/\/lesravalieres.com\/fr\/wp-json\/wp\/v2\/pages\/2040\/revisions\/3082"}],"wp:attachment":[{"href":"https:\/\/lesravalieres.com\/fr\/wp-json\/wp\/v2\/media?parent=2040"}],"curies":[{"name":"wp","href":"https:\/\/api.w.org\/{rel}","templated":true}]}}