{"id":203,"date":"2019-11-12T20:59:03","date_gmt":"2019-11-12T20:59:03","guid":{"rendered":"http:\/\/e48.65f.mytemp.website\/?page_id=203"},"modified":"2024-08-04T17:26:17","modified_gmt":"2024-08-04T15:26:17","slug":"contact-us","status":"publish","type":"page","link":"https:\/\/lesravalieres.com\/fr\/contact-us\/","title":{"rendered":"Nous contacter"},"content":{"rendered":"<div class=\"wp-block-media-text alignwide\" style=\"grid-template-columns:20% auto\"><figure class=\"wp-block-media-text__media\"><img loading=\"lazy\" decoding=\"async\" width=\"487\" height=\"451\" src=\"http:\/\/lesravalieres.com\/wp-content\/uploads\/2020\/03\/IMG-20181213-WA0013-2.jpg\" alt=\"\" class=\"wp-image-930 size-full\" srcset=\"https:\/\/lesravalieres.com\/wp-content\/uploads\/2020\/03\/IMG-20181213-WA0013-2.jpg 487w, https:\/\/lesravalieres.com\/wp-content\/uploads\/2020\/03\/IMG-20181213-WA0013-2-300x278.jpg 300w, https:\/\/lesravalieres.com\/wp-content\/uploads\/2020\/03\/IMG-20181213-WA0013-2-230x213.jpg 230w, https:\/\/lesravalieres.com\/wp-content\/uploads\/2020\/03\/IMG-20181213-WA0013-2-350x324.jpg 350w, https:\/\/lesravalieres.com\/wp-content\/uploads\/2020\/03\/IMG-20181213-WA0013-2-480x445.jpg 480w\" sizes=\"auto, (max-width: 487px) 100vw, 487px\" \/><\/figure><div class=\"wp-block-media-text__content\">\n<p style=\"font-size:25px\">Salut, nous sommes Lel &amp; Jon Miller.  Parlez-nous directement, ou envoyez-nous un courriel.<\/p>\n<\/div><\/div>\n\n\n\n<p class=\"has-background\" style=\"background-color:#fafcfe;font-size:6px\"><\/p>\n\n\n\n<p class=\"has-text-align-center has-very-light-gray-background-color has-background has-medium-font-size\">Pour conna\u00eetre les disponibilit\u00e9s, consultez notre <a aria-label=\"Booking page (opens in a new tab)\" href=\"http:\/\/lesravalieres.com\/fr\/booking-availability\/\" target=\"_blank\" rel=\"noreferrer noopener\">Disponibilit\u00e9 &amp; R\u00e9servation<\/a>ou pour toute question que tu pourrais avoir, envoie-nous simplement un <a href=\"mailto:info@lesravalieres.com\" target=\"_blank\" rel=\"noreferrer noopener\">e-mail <\/a><\/p>\n\n\n\n<p class=\"has-text-align-center has-very-light-gray-background-color has-background has-medium-font-size\">D\u00e9crochez le t\u00e9l\u00e9phone et appelez : notre portable fran\u00e7ais - 0033 (0)766833315 (meilleur num\u00e9ro), ou notre portable britannique - 07715026170. Vous pouvez \u00e9galement appeler notre t\u00e9l\u00e9phone fixe - 0033 (0)243649097.\nNous sommes en train d'apprendre le fran\u00e7ais, alors soyez patients.<\/p>\n\n\n\n<p class=\"has-text-align-center has-very-light-gray-background-color has-background has-medium-font-size\">Vous pouvez \u00e9galement nous contacter par messagerie sur notre page Facebook - <a href=\"http:\/\/www.facebook.com\/lesravalieres\" target=\"_blank\" rel=\"noreferrer noopener\">@lesravalieres<\/a> ou via notre page Instagram - <a href=\"http:\/\/www.instagram.com\/lesravalieres53400\" target=\"_blank\" rel=\"noreferrer noopener\">lesravalieres53400<\/a><\/p>\n\n\n\n<p class=\"has-text-align-center has-medium-font-size\">   Pas de tiers \u00e0 passer \ud83d\ude0a     <\/p>\n\n\n\n<p class=\"has-text-align-center has-very-light-gray-background-color has-background has-medium-font-size\">Si nous sommes en d\u00e9placement autour du lac lorsque tu appelles, laisse un message et nous te rappellerons.  Nous serons heureux de t'aider.<\/p>\n\n\n\n<p class=\"has-text-align-center has-black-color has-cyan-bluish-gray-background-color has-text-color has-background has-medium-font-size\"><strong>D\u00e9couvrez ce que nos clients pensent de notre <a href=\"http:\/\/lesravalieres.com\/fr\/reviews-and-testimonials\/\" target=\"_blank\" rel=\"noreferrer noopener\">Avis et t\u00e9moignages et nos avis Google <\/a> <\/strong>&lt;&lt;&lt;<\/p>\n\n\n\n<p><\/p>\n\n\n\n<p><\/p>\n\n\n\n<p><\/p>\n\n\n\n<p><\/p>","protected":false},"excerpt":{"rendered":"<p>Hi, we&#8217;re Lel &amp; Jon Miller. Speak direct with us, or email us. For availability check our Booking page, or for any [&hellip;]<\/p>\n","protected":false},"author":3,"featured_media":0,"parent":0,"menu_order":0,"comment_status":"closed","ping_status":"closed","template":"page-templates\/page_fullwidth.php","meta":{"_monsterinsights_skip_tracking":false,"_monsterinsights_sitenote_active":false,"_monsterinsights_sitenote_note":"","_monsterinsights_sitenote_category":0,"footnotes":""},"class_list":["post-203","page","type-page","status-publish","hentry"],"yoast_head":"<!-- This site is optimized with the Yoast SEO Premium plugin v26.8 (Yoast SEO v27.4) - https:\/\/yoast.com\/product\/yoast-seo-premium-wordpress\/ -->\n<title>Contact us - Les Ravalieres<\/title>\n<meta name=\"description\" content=\"Please contact us for availability or with any queries you may have. We will be happy to help.\" \/>\n<meta name=\"robots\" content=\"index, follow, max-snippet:-1, max-image-preview:large, max-video-preview:-1\" \/>\n<link rel=\"canonical\" href=\"https:\/\/lesravalieres.com\/fr\/contact-us\/\" \/>\n<meta property=\"og:locale\" content=\"fr_FR\" \/>\n<meta property=\"og:type\" content=\"article\" \/>\n<meta property=\"og:title\" content=\"Contact us\" \/>\n<meta property=\"og:description\" content=\"Please contact us for availability or with any queries you may have. We will be happy to help.\" \/>\n<meta property=\"og:url\" content=\"https:\/\/lesravalieres.com\/fr\/contact-us\/\" \/>\n<meta property=\"og:site_name\" content=\"Les Ravalieres\" \/>\n<meta property=\"article:publisher\" content=\"http:\/\/www.facebook.com\/LesRavalieres\" \/>\n<meta property=\"article:modified_time\" content=\"2024-08-04T15:26:17+00:00\" \/>\n<meta property=\"og:image\" content=\"http:\/\/lesravalieres.com\/wp-content\/uploads\/2020\/03\/IMG-20181213-WA0013-2.jpg\" \/>\n<meta name=\"twitter:label1\" content=\"Dur\u00e9e de lecture estim\u00e9e\" \/>\n\t<meta name=\"twitter:data1\" content=\"1 minute\" \/>\n<script type=\"application\/ld+json\" class=\"yoast-schema-graph\">{\"@context\":\"https:\\\/\\\/schema.org\",\"@graph\":[{\"@type\":\"WebPage\",\"@id\":\"https:\\\/\\\/lesravalieres.com\\\/en_gb\\\/contact-us\\\/\",\"url\":\"https:\\\/\\\/lesravalieres.com\\\/en_gb\\\/contact-us\\\/\",\"name\":\"Contact us - Les Ravalieres\",\"isPartOf\":{\"@id\":\"https:\\\/\\\/lesravalieres.com\\\/en_gb\\\/#website\"},\"primaryImageOfPage\":{\"@id\":\"https:\\\/\\\/lesravalieres.com\\\/en_gb\\\/contact-us\\\/#primaryimage\"},\"image\":{\"@id\":\"https:\\\/\\\/lesravalieres.com\\\/en_gb\\\/contact-us\\\/#primaryimage\"},\"thumbnailUrl\":\"http:\\\/\\\/lesravalieres.com\\\/wp-content\\\/uploads\\\/2020\\\/03\\\/IMG-20181213-WA0013-2.jpg\",\"datePublished\":\"2019-11-12T20:59:03+00:00\",\"dateModified\":\"2024-08-04T15:26:17+00:00\",\"description\":\"Please contact us for availability or with any queries you may have. We will be happy to help.\",\"breadcrumb\":{\"@id\":\"https:\\\/\\\/lesravalieres.com\\\/en_gb\\\/contact-us\\\/#breadcrumb\"},\"inLanguage\":\"fr-FR\",\"potentialAction\":[{\"@type\":\"ReadAction\",\"target\":[\"https:\\\/\\\/lesravalieres.com\\\/en_gb\\\/contact-us\\\/\"]}]},{\"@type\":\"ImageObject\",\"inLanguage\":\"fr-FR\",\"@id\":\"https:\\\/\\\/lesravalieres.com\\\/en_gb\\\/contact-us\\\/#primaryimage\",\"url\":\"http:\\\/\\\/lesravalieres.com\\\/wp-content\\\/uploads\\\/2020\\\/03\\\/IMG-20181213-WA0013-2.jpg\",\"contentUrl\":\"http:\\\/\\\/lesravalieres.com\\\/wp-content\\\/uploads\\\/2020\\\/03\\\/IMG-20181213-WA0013-2.jpg\"},{\"@type\":\"BreadcrumbList\",\"@id\":\"https:\\\/\\\/lesravalieres.com\\\/en_gb\\\/contact-us\\\/#breadcrumb\",\"itemListElement\":[{\"@type\":\"ListItem\",\"position\":1,\"name\":\"Home\",\"item\":\"https:\\\/\\\/lesravalieres.com\\\/\"},{\"@type\":\"ListItem\",\"position\":2,\"name\":\"Contact us\"}]},{\"@type\":\"WebSite\",\"@id\":\"https:\\\/\\\/lesravalieres.com\\\/en_gb\\\/#website\",\"url\":\"https:\\\/\\\/lesravalieres.com\\\/en_gb\\\/\",\"name\":\"Les Ravali\u00e8res\",\"description\":\"Carp Fishing Holidays in France with Accommodation\",\"publisher\":{\"@id\":\"https:\\\/\\\/lesravalieres.com\\\/en_gb\\\/#organization\"},\"potentialAction\":[{\"@type\":\"SearchAction\",\"target\":{\"@type\":\"EntryPoint\",\"urlTemplate\":\"https:\\\/\\\/lesravalieres.com\\\/en_gb\\\/?s={search_term_string}\"},\"query-input\":{\"@type\":\"PropertyValueSpecification\",\"valueRequired\":true,\"valueName\":\"search_term_string\"}}],\"inLanguage\":\"fr-FR\"},{\"@type\":\"Organization\",\"@id\":\"https:\\\/\\\/lesravalieres.com\\\/en_gb\\\/#organization\",\"name\":\"EIRL Jonathan Miller\",\"url\":\"https:\\\/\\\/lesravalieres.com\\\/en_gb\\\/\",\"logo\":{\"@type\":\"ImageObject\",\"inLanguage\":\"fr-FR\",\"@id\":\"https:\\\/\\\/lesravalieres.com\\\/en_gb\\\/#\\\/schema\\\/logo\\\/image\\\/\",\"url\":\"http:\\\/\\\/lesravalieres.com\\\/wp-content\\\/uploads\\\/2019\\\/12\\\/Les-Ravalieres-Logo3.jpg\",\"contentUrl\":\"http:\\\/\\\/lesravalieres.com\\\/wp-content\\\/uploads\\\/2019\\\/12\\\/Les-Ravalieres-Logo3.jpg\",\"width\":461,\"height\":461,\"caption\":\"EIRL Jonathan Miller\"},\"image\":{\"@id\":\"https:\\\/\\\/lesravalieres.com\\\/en_gb\\\/#\\\/schema\\\/logo\\\/image\\\/\"},\"sameAs\":[\"http:\\\/\\\/www.facebook.com\\\/LesRavalieres\",\"http:\\\/\\\/www.instagram.com\\\/lesravalieres53400\"]}]}<\/script>\n<!-- \/ Yoast SEO Premium plugin. -->","yoast_head_json":{"title":"Contact us - Les Ravalieres","description":"Please contact us for availability or with any queries you may have. We will be happy to help.","robots":{"index":"index","follow":"follow","max-snippet":"max-snippet:-1","max-image-preview":"max-image-preview:large","max-video-preview":"max-video-preview:-1"},"canonical":"https:\/\/lesravalieres.com\/fr\/contact-us\/","og_locale":"fr_FR","og_type":"article","og_title":"Contact us","og_description":"Please contact us for availability or with any queries you may have. We will be happy to help.","og_url":"https:\/\/lesravalieres.com\/fr\/contact-us\/","og_site_name":"Les Ravalieres","article_publisher":"http:\/\/www.facebook.com\/LesRavalieres","article_modified_time":"2024-08-04T15:26:17+00:00","og_image":[{"url":"http:\/\/lesravalieres.com\/wp-content\/uploads\/2020\/03\/IMG-20181213-WA0013-2.jpg","type":"","width":"","height":""}],"twitter_misc":{"Dur\u00e9e de lecture estim\u00e9e":"1 minute"},"schema":{"@context":"https:\/\/schema.org","@graph":[{"@type":"WebPage","@id":"https:\/\/lesravalieres.com\/en_gb\/contact-us\/","url":"https:\/\/lesravalieres.com\/en_gb\/contact-us\/","name":"Contact us - Les Ravalieres","isPartOf":{"@id":"https:\/\/lesravalieres.com\/en_gb\/#website"},"primaryImageOfPage":{"@id":"https:\/\/lesravalieres.com\/en_gb\/contact-us\/#primaryimage"},"image":{"@id":"https:\/\/lesravalieres.com\/en_gb\/contact-us\/#primaryimage"},"thumbnailUrl":"http:\/\/lesravalieres.com\/wp-content\/uploads\/2020\/03\/IMG-20181213-WA0013-2.jpg","datePublished":"2019-11-12T20:59:03+00:00","dateModified":"2024-08-04T15:26:17+00:00","description":"Please contact us for availability or with any queries you may have. We will be happy to help.","breadcrumb":{"@id":"https:\/\/lesravalieres.com\/en_gb\/contact-us\/#breadcrumb"},"inLanguage":"fr-FR","potentialAction":[{"@type":"ReadAction","target":["https:\/\/lesravalieres.com\/en_gb\/contact-us\/"]}]},{"@type":"ImageObject","inLanguage":"fr-FR","@id":"https:\/\/lesravalieres.com\/en_gb\/contact-us\/#primaryimage","url":"http:\/\/lesravalieres.com\/wp-content\/uploads\/2020\/03\/IMG-20181213-WA0013-2.jpg","contentUrl":"http:\/\/lesravalieres.com\/wp-content\/uploads\/2020\/03\/IMG-20181213-WA0013-2.jpg"},{"@type":"BreadcrumbList","@id":"https:\/\/lesravalieres.com\/en_gb\/contact-us\/#breadcrumb","itemListElement":[{"@type":"ListItem","position":1,"name":"Home","item":"https:\/\/lesravalieres.com\/"},{"@type":"ListItem","position":2,"name":"Contact us"}]},{"@type":"WebSite","@id":"https:\/\/lesravalieres.com\/en_gb\/#website","url":"https:\/\/lesravalieres.com\/en_gb\/","name":"Les Ravali\u00e8res","description":"Carp Fishing Holidays in France with Accommodation","publisher":{"@id":"https:\/\/lesravalieres.com\/en_gb\/#organization"},"potentialAction":[{"@type":"SearchAction","target":{"@type":"EntryPoint","urlTemplate":"https:\/\/lesravalieres.com\/en_gb\/?s={search_term_string}"},"query-input":{"@type":"PropertyValueSpecification","valueRequired":true,"valueName":"search_term_string"}}],"inLanguage":"fr-FR"},{"@type":"Organization","@id":"https:\/\/lesravalieres.com\/en_gb\/#organization","name":"EIRL Jonathan Miller","url":"https:\/\/lesravalieres.com\/en_gb\/","logo":{"@type":"ImageObject","inLanguage":"fr-FR","@id":"https:\/\/lesravalieres.com\/en_gb\/#\/schema\/logo\/image\/","url":"http:\/\/lesravalieres.com\/wp-content\/uploads\/2019\/12\/Les-Ravalieres-Logo3.jpg","contentUrl":"http:\/\/lesravalieres.com\/wp-content\/uploads\/2019\/12\/Les-Ravalieres-Logo3.jpg","width":461,"height":461,"caption":"EIRL Jonathan Miller"},"image":{"@id":"https:\/\/lesravalieres.com\/en_gb\/#\/schema\/logo\/image\/"},"sameAs":["http:\/\/www.facebook.com\/LesRavalieres","http:\/\/www.instagram.com\/lesravalieres53400"]}]}},"_links":{"self":[{"href":"https:\/\/lesravalieres.com\/fr\/wp-json\/wp\/v2\/pages\/203","targetHints":{"allow":["GET"]}}],"collection":[{"href":"https:\/\/lesravalieres.com\/fr\/wp-json\/wp\/v2\/pages"}],"about":[{"href":"https:\/\/lesravalieres.com\/fr\/wp-json\/wp\/v2\/types\/page"}],"author":[{"embeddable":true,"href":"https:\/\/lesravalieres.com\/fr\/wp-json\/wp\/v2\/users\/3"}],"replies":[{"embeddable":true,"href":"https:\/\/lesravalieres.com\/fr\/wp-json\/wp\/v2\/comments?post=203"}],"version-history":[{"count":31,"href":"https:\/\/lesravalieres.com\/fr\/wp-json\/wp\/v2\/pages\/203\/revisions"}],"predecessor-version":[{"id":2866,"href":"https:\/\/lesravalieres.com\/fr\/wp-json\/wp\/v2\/pages\/203\/revisions\/2866"}],"wp:attachment":[{"href":"https:\/\/lesravalieres.com\/fr\/wp-json\/wp\/v2\/media?parent=203"}],"curies":[{"name":"wp","href":"https:\/\/api.w.org\/{rel}","templated":true}]}}